{"id":839,"date":"2024-06-26T06:16:17","date_gmt":"2024-06-26T06:16:17","guid":{"rendered":"https:\/\/daw-zentrum.org\/?page_id=839"},"modified":"2025-04-10T16:53:34","modified_gmt":"2025-04-10T16:53:34","slug":"groupes-de-recherches","status":"publish","type":"page","link":"https:\/\/daw-zentrum.org\/en\/groupes-de-recherches\/","title":{"rendered":"Research groups"},"content":{"rendered":"<div data-elementor-type=\"wp-page\" data-elementor-id=\"839\" class=\"elementor elementor-839\" data-elementor-post-type=\"page\">\n\t\t\t\t<div class=\"elementor-element elementor-element-3ac074d e-flex e-con-boxed e-con e-parent\" data-id=\"3ac074d\" data-element_type=\"container\" data-e-type=\"container\" data-settings=\"{&quot;background_background&quot;:&quot;classic&quot;}\">\n\t\t\t\t\t<div class=\"e-con-inner\">\n\t\t<div class=\"elementor-element elementor-element-dc8747b e-flex e-con-boxed e-con e-child\" data-id=\"dc8747b\" data-element_type=\"container\" data-e-type=\"container\">\n\t\t\t\t\t<div class=\"e-con-inner\">\n\t\t\t\t<div class=\"elementor-element elementor-element-903592e elementor-invisible elementor-widget elementor-widget-heading\" data-id=\"903592e\" data-element_type=\"widget\" data-e-type=\"widget\" data-settings=\"{&quot;_animation&quot;:&quot;fadeInUp&quot;}\" data-widget_type=\"heading.default\">\n\t\t\t\t<div class=\"elementor-widget-container\">\n\t\t\t\t\t<h1 class=\"elementor-heading-title elementor-size-default\">Our research groups<\/h1>\t\t\t\t<\/div>\n\t\t\t\t<\/div>\n\t\t\t\t\t<\/div>\n\t\t\t\t<\/div>\n\t\t\t\t\t<\/div>\n\t\t\t\t<\/div>\n\t\t<div class=\"elementor-element elementor-element-6ba0bde e-flex e-con-boxed e-con e-parent\" data-id=\"6ba0bde\" data-element_type=\"container\" data-e-type=\"container\">\n\t\t\t\t\t<div class=\"e-con-inner\">\n\t\t<div class=\"elementor-element elementor-element-4501c1b e-con-full e-flex e-con e-child\" data-id=\"4501c1b\" data-element_type=\"container\" data-e-type=\"container\">\n\t\t<div class=\"elementor-element elementor-element-c39511c e-con-full e-flex e-con e-child\" data-id=\"c39511c\" data-element_type=\"container\" data-e-type=\"container\" id=\"afr\">\n\t\t\t\t<div class=\"elementor-element elementor-element-d388c53 elementor-widget elementor-widget-heading\" data-id=\"d388c53\" data-element_type=\"widget\" data-e-type=\"widget\" data-widget_type=\"heading.default\">\n\t\t\t\t<div class=\"elementor-widget-container\">\n\t\t\t\t\t<h2 class=\"elementor-heading-title elementor-size-default\">African-German Network in Mathematical Sciences and Applications (AFRI-GER-MATH-NET)<\/h2>\t\t\t\t<\/div>\n\t\t\t\t<\/div>\n\t\t\t\t<div class=\"elementor-element elementor-element-96bb6ad elementor-widget elementor-widget-text-editor\" data-id=\"96bb6ad\" data-element_type=\"widget\" data-e-type=\"widget\" data-widget_type=\"text-editor.default\">\n\t\t\t\t<div class=\"elementor-widget-container\">\n\t\t\t\t\t\t\t\t\t<p><span style=\"font-weight: 400;\">The Humboldt Laboratory for Digital and Pedagogical Mathematics conducts research in mathematics and is established at the University of Yaound\u00e9 1 as part of the Alexander von Humboldt Prize for Innovative Network Initiatives obtained in 2012 by Professor Mama Foupouagnigni, founder and coordinator of the laboratory. Research activities carried out in this laboratory include digital mathematics and mathematics pedagogy, as well as educational technologies (e-learning).<\/span><\/p><p><span style=\"font-weight: 400;\">The Alexander von Humboldt Alumni Award for Innovative Networking Initiatives was created by the Alexander von Humboldt Foundation (Bonn, Germany) to promote innovative initiatives that can help strengthen the networking of Alexander von Humboldt Foundation alumni. The award is designed to support initiatives that are not supported by existing scholarship programs, as well as to promote academic and cultural relations between Germany and the countries of former Humboldt scholars, while strengthening their collaboration.\u00a0\u00a0<\/span><\/p><p><span style=\"font-weight: 400;\">Professor Mama Foupouagnigni is Professor of Mathematics in the Mathematics Department of the \u00c9cole Normale Sup\u00e9rieure, University of Yaound\u00e9, and Academic Director of AIMS Cameroon (African Insitute of Mathematical Sciences). He holds a PhD in Mathematical Physics (National University of Benin, 1998) and a Habilitation in Mathematics (University of Kassel, June 2006). His main areas of research are orthogonal polynomials, special functions in mathematical physics, approximation theory, e-learning and educational mathematics. He was head of the national and inter-African cooperation department and deputy coordinator of the virtual university.\u00a0\u00a0\u00a0<\/span><\/p>\t\t\t\t\t\t\t\t<\/div>\n\t\t\t\t<\/div>\n\t\t\t\t<\/div>\n\t\t<div class=\"elementor-element elementor-element-4841a10 e-con-full e-flex e-con e-child\" data-id=\"4841a10\" data-element_type=\"container\" data-e-type=\"container\" id=\"agnes\">\n\t\t\t\t<div class=\"elementor-element elementor-element-79d2634 elementor-widget elementor-widget-heading\" data-id=\"79d2634\" data-element_type=\"widget\" data-e-type=\"widget\" data-widget_type=\"heading.default\">\n\t\t\t\t<div class=\"elementor-widget-container\">\n\t\t\t\t\t<h2 class=\"elementor-heading-title elementor-size-default\">AGNES (African German Network of Excellence in Science)<\/h2>\t\t\t\t<\/div>\n\t\t\t\t<\/div>\n\t\t\t\t<div class=\"elementor-element elementor-element-12318dd elementor-widget elementor-widget-text-editor\" data-id=\"12318dd\" data-element_type=\"widget\" data-e-type=\"widget\" data-widget_type=\"text-editor.default\">\n\t\t\t\t<div class=\"elementor-widget-container\">\n\t\t\t\t\t\t\t\t\t<p><span style=\"font-weight: 400;\">The German-African Network for Excellence in Science has been launched by the Alexander von Humboldt Foundation in collaboration with researchers from various African countries. The new network held its inaugural conference in Addis Ababa, Ethiopia, from November 16 to 18, 2011. The AGNES network is designed to raise the profile of the key role played by research and innovation in sustainable development in sub-Saharan Africa. Leading researchers from the region wishing to work more closely with each other and with colleagues in Germany are taking part. The aim is also to encourage young people to get involved and pursue a career in scientific research.\u00a0<\/span><\/p><p><span style=\"font-weight: 400;\">AGNES is committed to supporting social change in Africa by making academic excellence a socially recognized criterion for career advancement. Whereas in the past, heads of academic institutions, for example, were often appointed on the basis of seniority, they are now increasingly highly qualified young academics. They are expected to build genuine research institutions capable of asserting themselves both nationally and internationally. The founding of a German-African network for excellence in science was intended to create a supra-regional contact structure to strengthen academic excellence in sub-Saharan Africa, going beyond the Humboldt network in its narrowest sense. The DAW Center hosted the AGNES network in its midst between 2012 and 2015.<\/span><\/p>\t\t\t\t\t\t\t\t<\/div>\n\t\t\t\t<\/div>\n\t\t\t\t<div class=\"elementor-element elementor-element-908c51f elementor-widget elementor-widget-heading\" data-id=\"908c51f\" data-element_type=\"widget\" data-e-type=\"widget\" data-widget_type=\"heading.default\">\n\t\t\t\t<div class=\"elementor-widget-container\">\n\t\t\t\t\t<h2 class=\"elementor-heading-title elementor-size-default\">AGNES workshops<\/h2>\t\t\t\t<\/div>\n\t\t\t\t<\/div>\n\t\t\t\t<div class=\"elementor-element elementor-element-4f23973 elementor-widget elementor-widget-text-editor\" data-id=\"4f23973\" data-element_type=\"widget\" data-e-type=\"widget\" data-widget_type=\"text-editor.default\">\n\t\t\t\t<div class=\"elementor-widget-container\">\n\t\t\t\t\t\t\t\t\t<p><span style=\"font-weight: 400;\">From January 2012 to December 2014, the Executive Board of AGNES (African German Network of Excellence in Science) met at its headquarters at the DAW Center. Also as part of AGNES activities, two workshops were held at the DAW center in 2013 and 2014, as was already the case in 2012. During these workshops, members of the AGNES committee met for various purposes, including the selection of candidates for the academic awards presented by the network. The DAW Center also coordinated the network's activities and operations between 2012 and 2014.<\/span><\/p>\t\t\t\t\t\t\t\t<\/div>\n\t\t\t\t<\/div>\n\t\t\t\t<\/div>\n\t\t<div class=\"elementor-element elementor-element-6af8fd5 e-con-full e-flex e-con e-child\" data-id=\"6af8fd5\" data-element_type=\"container\" data-e-type=\"container\" id=\"phf\">\n\t\t\t\t<div class=\"elementor-element elementor-element-f4135d9 elementor-widget elementor-widget-heading\" data-id=\"f4135d9\" data-element_type=\"widget\" data-e-type=\"widget\" data-widget_type=\"heading.default\">\n\t\t\t\t<div class=\"elementor-widget-container\">\n\t\t\t\t\t<h2 class=\"elementor-heading-title elementor-size-default\">Health Focus Project - IRES-Group <\/h2>\t\t\t\t<\/div>\n\t\t\t\t<\/div>\n\t\t\t\t<div class=\"elementor-element elementor-element-8eb4d8a elementor-widget elementor-widget-text-editor\" data-id=\"8eb4d8a\" data-element_type=\"widget\" data-e-type=\"widget\" data-widget_type=\"text-editor.default\">\n\t\t\t\t<div class=\"elementor-widget-container\">\n\t\t\t\t\t\t\t\t\t<p>This public health project, led by Dr. Rogers Ajeh, involves carrying out a CAP study on behalf of OCEAC, with Cameroon as the place of intervention and study conduct. The aim is to carry out field surveys in order to ensure compliance with the ToR.  The project runs from 1\u1d49\u02b3 September 2022 to 31 March 2023.\u00a0<\/p><p>To find out more, go to <a href=\"https:\/\/www.iresgroup.org\">https:\/\/www.iresgroup.org<\/a><\/p>\t\t\t\t\t\t\t\t<\/div>\n\t\t\t\t<\/div>\n\t\t\t\t<\/div>\n\t\t\t\t<\/div>\n\t\t<div class=\"elementor-element elementor-element-d18a2f1 e-con-full e-flex e-con e-child\" data-id=\"d18a2f1\" data-element_type=\"container\" data-e-type=\"container\">\n\t\t<div class=\"elementor-element elementor-element-b856159 e-con-full e-flex e-con e-child\" data-id=\"b856159\" data-element_type=\"container\" data-e-type=\"container\" data-settings=\"{&quot;background_background&quot;:&quot;classic&quot;,&quot;sticky&quot;:&quot;top&quot;,&quot;sticky_offset&quot;:150,&quot;sticky_parent&quot;:&quot;yes&quot;,&quot;sticky_effects_offset&quot;:100,&quot;sticky_on&quot;:[&quot;desktop&quot;,&quot;tablet&quot;,&quot;mobile&quot;]}\">\n\t\t\t\t<div class=\"elementor-element elementor-element-3462925 elementor-widget elementor-widget-heading\" data-id=\"3462925\" data-element_type=\"widget\" data-e-type=\"widget\" data-widget_type=\"heading.default\">\n\t\t\t\t<div class=\"elementor-widget-container\">\n\t\t\t\t\t<h2 class=\"elementor-heading-title elementor-size-default\">Browse groups<\/h2>\t\t\t\t<\/div>\n\t\t\t\t<\/div>\n\t\t\t\t<div class=\"elementor-element elementor-element-036d6d1 elementor-widget-divider--view-line elementor-widget elementor-widget-divider\" data-id=\"036d6d1\" data-element_type=\"widget\" data-e-type=\"widget\" data-widget_type=\"divider.default\">\n\t\t\t\t<div class=\"elementor-widget-container\">\n\t\t\t\t\t\t\t<div class=\"elementor-divider\">\n\t\t\t<span class=\"elementor-divider-separator\">\n\t\t\t\t\t\t<\/span>\n\t\t<\/div>\n\t\t\t\t\t\t<\/div>\n\t\t\t\t<\/div>\n\t\t\t\t<div class=\"elementor-element elementor-element-195f7b4 elementor-position-inline-start elementor-view-default elementor-mobile-position-block-start elementor-widget elementor-widget-icon-box\" data-id=\"195f7b4\" data-element_type=\"widget\" data-e-type=\"widget\" data-widget_type=\"icon-box.default\">\n\t\t\t\t<div class=\"elementor-widget-container\">\n\t\t\t\t\t\t\t<div class=\"elementor-icon-box-wrapper\">\n\n\t\t\t\t\t\t<div class=\"elementor-icon-box-icon\">\n\t\t\t\t<a href=\"https:\/\/daw-zentrum.org\/en\/groupes-de-recherches\/#afr\" class=\"elementor-icon\" tabindex=\"-1\" aria-label=\"AFRI-GER-MATH-NET\">\n\t\t\t\t<svg aria-hidden=\"true\" class=\"e-font-icon-svg e-fas-chevron-right\" viewbox=\"0 0 320 512\" xmlns=\"http:\/\/www.w3.org\/2000\/svg\"><path d=\"M285.476 272.971L91.132 467.314c-9.373 9.373-24.569 9.373-33.941 0l-22.667-22.667c-9.357-9.357-9.375-24.522-.04-33.901L188.505 256 34.484 101.255c-9.335-9.379-9.317-24.544.04-33.901l22.667-22.667c9.373-9.373 24.569-9.373 33.941 0L285.475 239.03c9.373 9.372 9.373 24.568.001 33.941z\"><\/path><\/svg>\t\t\t\t<\/a>\n\t\t\t<\/div>\n\t\t\t\n\t\t\t\t\t\t<div class=\"elementor-icon-box-content\">\n\n\t\t\t\t\t\t\t\t\t<h3 class=\"elementor-icon-box-title\">\n\t\t\t\t\t\t<a href=\"https:\/\/daw-zentrum.org\/en\/groupes-de-recherches\/#afr\" >\n\t\t\t\t\t\t\tAFRI-GER-MATH-NET\t\t\t\t\t\t<\/a>\n\t\t\t\t\t<\/h3>\n\t\t\t\t\n\t\t\t\t\n\t\t\t<\/div>\n\t\t\t\n\t\t<\/div>\n\t\t\t\t\t\t<\/div>\n\t\t\t\t<\/div>\n\t\t\t\t<div class=\"elementor-element elementor-element-258dac0 elementor-position-inline-start elementor-view-default elementor-mobile-position-block-start elementor-widget elementor-widget-icon-box\" data-id=\"258dac0\" data-element_type=\"widget\" data-e-type=\"widget\" data-widget_type=\"icon-box.default\">\n\t\t\t\t<div class=\"elementor-widget-container\">\n\t\t\t\t\t\t\t<div class=\"elementor-icon-box-wrapper\">\n\n\t\t\t\t\t\t<div class=\"elementor-icon-box-icon\">\n\t\t\t\t<a href=\"https:\/\/daw-zentrum.org\/en\/groupes-de-recherches\/#agnes\" class=\"elementor-icon\" tabindex=\"-1\" aria-label=\"AGNES \">\n\t\t\t\t<svg aria-hidden=\"true\" class=\"e-font-icon-svg e-fas-chevron-right\" viewbox=\"0 0 320 512\" xmlns=\"http:\/\/www.w3.org\/2000\/svg\"><path d=\"M285.476 272.971L91.132 467.314c-9.373 9.373-24.569 9.373-33.941 0l-22.667-22.667c-9.357-9.357-9.375-24.522-.04-33.901L188.505 256 34.484 101.255c-9.335-9.379-9.317-24.544.04-33.901l22.667-22.667c9.373-9.373 24.569-9.373 33.941 0L285.475 239.03c9.373 9.372 9.373 24.568.001 33.941z\"><\/path><\/svg>\t\t\t\t<\/a>\n\t\t\t<\/div>\n\t\t\t\n\t\t\t\t\t\t<div class=\"elementor-icon-box-content\">\n\n\t\t\t\t\t\t\t\t\t<h3 class=\"elementor-icon-box-title\">\n\t\t\t\t\t\t<a href=\"https:\/\/daw-zentrum.org\/en\/groupes-de-recherches\/#agnes\" >\n\t\t\t\t\t\t\tAGNES \t\t\t\t\t\t<\/a>\n\t\t\t\t\t<\/h3>\n\t\t\t\t\n\t\t\t\t\n\t\t\t<\/div>\n\t\t\t\n\t\t<\/div>\n\t\t\t\t\t\t<\/div>\n\t\t\t\t<\/div>\n\t\t\t\t<div class=\"elementor-element elementor-element-d723277 elementor-position-inline-start elementor-view-default elementor-mobile-position-block-start elementor-widget elementor-widget-icon-box\" data-id=\"d723277\" data-element_type=\"widget\" data-e-type=\"widget\" data-widget_type=\"icon-box.default\">\n\t\t\t\t<div class=\"elementor-widget-container\">\n\t\t\t\t\t\t\t<div class=\"elementor-icon-box-wrapper\">\n\n\t\t\t\t\t\t<div class=\"elementor-icon-box-icon\">\n\t\t\t\t<a href=\"https:\/\/daw-zentrum.org\/en\/groupes-de-recherches\/#phf\" class=\"elementor-icon\" tabindex=\"-1\" aria-label=\"Health Focus Project - IRES-Group \">\n\t\t\t\t<svg aria-hidden=\"true\" class=\"e-font-icon-svg e-fas-chevron-right\" viewbox=\"0 0 320 512\" xmlns=\"http:\/\/www.w3.org\/2000\/svg\"><path d=\"M285.476 272.971L91.132 467.314c-9.373 9.373-24.569 9.373-33.941 0l-22.667-22.667c-9.357-9.357-9.375-24.522-.04-33.901L188.505 256 34.484 101.255c-9.335-9.379-9.317-24.544.04-33.901l22.667-22.667c9.373-9.373 24.569-9.373 33.941 0L285.475 239.03c9.373 9.372 9.373 24.568.001 33.941z\"><\/path><\/svg>\t\t\t\t<\/a>\n\t\t\t<\/div>\n\t\t\t\n\t\t\t\t\t\t<div class=\"elementor-icon-box-content\">\n\n\t\t\t\t\t\t\t\t\t<h3 class=\"elementor-icon-box-title\">\n\t\t\t\t\t\t<a href=\"https:\/\/daw-zentrum.org\/en\/groupes-de-recherches\/#phf\" >\n\t\t\t\t\t\t\tHealth Focus Project - IRES-Group \t\t\t\t\t\t<\/a>\n\t\t\t\t\t<\/h3>\n\t\t\t\t\n\t\t\t\t\n\t\t\t<\/div>\n\t\t\t\n\t\t<\/div>\n\t\t\t\t\t\t<\/div>\n\t\t\t\t<\/div>\n\t\t\t\t<\/div>\n\t\t\t\t<\/div>\n\t\t\t\t\t<\/div>\n\t\t\t\t<\/div>\n\t\t\t\t<\/div>","protected":false},"excerpt":{"rendered":"<p>Our research groups African-German Network in Mathematical Sciences and Applications (AFRI-GER-MATH-NET) The Humboldt Laboratory for Numerical and Pedagogical Mathematics conducts research in mathematics and is established at the University of Yaound\u00e9 1 as part of the Alexander von Humboldt Award for Innovative Network Initiatives obtained in 2012 by Professor Mama [...].<\/p>","protected":false},"author":1,"featured_media":0,"parent":0,"menu_order":0,"comment_status":"closed","ping_status":"closed","template":"","meta":{"footnotes":""},"class_list":["post-839","page","type-page","status-publish","hentry"],"_links":{"self":[{"href":"https:\/\/daw-zentrum.org\/en\/wp-json\/wp\/v2\/pages\/839"}],"collection":[{"href":"https:\/\/daw-zentrum.org\/en\/wp-json\/wp\/v2\/pages"}],"about":[{"href":"https:\/\/daw-zentrum.org\/en\/wp-json\/wp\/v2\/types\/page"}],"author":[{"embeddable":true,"href":"https:\/\/daw-zentrum.org\/en\/wp-json\/wp\/v2\/users\/1"}],"replies":[{"embeddable":true,"href":"https:\/\/daw-zentrum.org\/en\/wp-json\/wp\/v2\/comments?post=839"}],"version-history":[{"count":25,"href":"https:\/\/daw-zentrum.org\/en\/wp-json\/wp\/v2\/pages\/839\/revisions"}],"predecessor-version":[{"id":2149,"href":"https:\/\/daw-zentrum.org\/en\/wp-json\/wp\/v2\/pages\/839\/revisions\/2149"}],"wp:attachment":[{"href":"https:\/\/daw-zentrum.org\/en\/wp-json\/wp\/v2\/media?parent=839"}],"curies":[{"name":"wp","href":"https:\/\/api.w.org\/{rel}","templated":true}]}}