{"id":839,"date":"2024-06-26T06:16:17","date_gmt":"2024-06-26T06:16:17","guid":{"rendered":"https:\/\/daw-zentrum.org\/?page_id=839"},"modified":"2025-04-10T16:53:34","modified_gmt":"2025-04-10T16:53:34","slug":"groupes-de-recherches","status":"publish","type":"page","link":"https:\/\/daw-zentrum.org\/de\/groupes-de-recherches\/","title":{"rendered":"Forschungsgruppen"},"content":{"rendered":"<div data-elementor-type=\"wp-page\" data-elementor-id=\"839\" class=\"elementor elementor-839\" data-elementor-post-type=\"page\">\n\t\t\t\t<div class=\"elementor-element elementor-element-3ac074d e-flex e-con-boxed e-con e-parent\" data-id=\"3ac074d\" data-element_type=\"container\" data-settings=\"{&quot;background_background&quot;:&quot;classic&quot;}\">\n\t\t\t\t\t<div class=\"e-con-inner\">\n\t\t<div class=\"elementor-element elementor-element-dc8747b e-flex e-con-boxed e-con e-child\" data-id=\"dc8747b\" data-element_type=\"container\">\n\t\t\t\t\t<div class=\"e-con-inner\">\n\t\t\t\t<div class=\"elementor-element elementor-element-903592e elementor-invisible elementor-widget elementor-widget-heading\" data-id=\"903592e\" data-element_type=\"widget\" data-settings=\"{&quot;_animation&quot;:&quot;fadeInUp&quot;}\" data-widget_type=\"heading.default\">\n\t\t\t\t<div class=\"elementor-widget-container\">\n\t\t\t\t\t<h1 class=\"elementor-heading-title elementor-size-default\">Unsere Forschungsgruppen<\/h1>\t\t\t\t<\/div>\n\t\t\t\t<\/div>\n\t\t\t\t\t<\/div>\n\t\t\t\t<\/div>\n\t\t\t\t\t<\/div>\n\t\t\t\t<\/div>\n\t\t<div class=\"elementor-element elementor-element-6ba0bde e-flex e-con-boxed e-con e-parent\" data-id=\"6ba0bde\" data-element_type=\"container\">\n\t\t\t\t\t<div class=\"e-con-inner\">\n\t\t<div class=\"elementor-element elementor-element-4501c1b e-con-full e-flex e-con e-child\" data-id=\"4501c1b\" data-element_type=\"container\">\n\t\t<div class=\"elementor-element elementor-element-c39511c e-con-full e-flex e-con e-child\" data-id=\"c39511c\" data-element_type=\"container\" id=\"afr\">\n\t\t\t\t<div class=\"elementor-element elementor-element-d388c53 elementor-widget elementor-widget-heading\" data-id=\"d388c53\" data-element_type=\"widget\" data-widget_type=\"heading.default\">\n\t\t\t\t<div class=\"elementor-widget-container\">\n\t\t\t\t\t<h2 class=\"elementor-heading-title elementor-size-default\">African-German Network in Mathematical Sciences and Applications (AFRI-GER-MATH-NET)<\/h2>\t\t\t\t<\/div>\n\t\t\t\t<\/div>\n\t\t\t\t<div class=\"elementor-element elementor-element-96bb6ad elementor-widget elementor-widget-text-editor\" data-id=\"96bb6ad\" data-element_type=\"widget\" data-widget_type=\"text-editor.default\">\n\t\t\t\t<div class=\"elementor-widget-container\">\n\t\t\t\t\t\t\t\t\t<p><span style=\"font-weight: 400;\">Das Humboldt-Labor f\u00fcr digitale und p\u00e4dagogische Mathematik betreibt Forschung im Bereich Mathematik und ist an der Universit\u00e4t Yaound\u00e9 1 im Rahmen des Alexander-von-Humboldt-Preises f\u00fcr innovative Netzwerkinitiativen angesiedelt, den Professor Mama Foupouagnigni, Gr\u00fcnder und Koordinator des Labors, 2012 erhalten hat. Die Forschungsaktivit\u00e4ten, die in diesem Labor durchgef\u00fchrt werden, umfassen digitale Mathematik und Mathematikp\u00e4dagogik sowie Bildungstechnologien (E-Learning).<\/span><\/p><p><span style=\"font-weight: 400;\">Der Alexander von Humboldt-Alumni-Preis f\u00fcr innovative Netzwerkinitiativen wurde von der Alexander von Humboldt-Stiftung (Bonn, Deutschland) ins Leben gerufen, um innovative Initiativen zu f\u00f6rdern, die dazu beitragen k\u00f6nnen, die Vernetzung ehemaliger Stipendiaten der Alexander von Humboldt-Stiftung zu st\u00e4rken. Der Preis soll Initiativen unterst\u00fctzen, die nicht von bestehenden Stipendienprogrammen gef\u00f6rdert werden, sowie die akademischen und kulturellen Beziehungen zwischen Deutschland und den L\u00e4ndern der ehemaligen Humboldt-Stipendiaten f\u00f6rdern und gleichzeitig deren Zusammenarbeit st\u00e4rken.\u00a0\u00a0<\/span><\/p><p><span style=\"font-weight: 400;\">Prof. Mama Foupouagnigni ist Professor f\u00fcr Mathematik an der Abteilung f\u00fcr Mathematik der \u00c9cole Normale Sup\u00e9rieure der Universit\u00e4t Yaound\u00e9 und akademischer Direktor von AIMS Cameroon (African Insitute of Mathematical Sciences). Er hat einen Doktortitel in Physik der Mathematik (Nationale Universit\u00e4t von Benin, 1998) und eine Habilitation in Mathematik (Universit\u00e4t Kassel, Juni 2006). Seine Hauptforschungsgebiete sind Orthogonale Polynome, spezielle Funktionen in der Physik der Mathematik, Approximationstheorie, E-Learning, Bildungsmathematik. Er war Abteilungsleiter f\u00fcr nationale und interafrikanische Zusammenarbeit sowie stellvertretender Koordinator der Virtuellen Universit\u00e4t.\u00a0\u00a0\u00a0<\/span><\/p>\t\t\t\t\t\t\t\t<\/div>\n\t\t\t\t<\/div>\n\t\t\t\t<\/div>\n\t\t<div class=\"elementor-element elementor-element-4841a10 e-con-full e-flex e-con e-child\" data-id=\"4841a10\" data-element_type=\"container\" id=\"agnes\">\n\t\t\t\t<div class=\"elementor-element elementor-element-79d2634 elementor-widget elementor-widget-heading\" data-id=\"79d2634\" data-element_type=\"widget\" data-widget_type=\"heading.default\">\n\t\t\t\t<div class=\"elementor-widget-container\">\n\t\t\t\t\t<h2 class=\"elementor-heading-title elementor-size-default\">AGNES (African German Network of Excellence in Science)<\/h2>\t\t\t\t<\/div>\n\t\t\t\t<\/div>\n\t\t\t\t<div class=\"elementor-element elementor-element-12318dd elementor-widget elementor-widget-text-editor\" data-id=\"12318dd\" data-element_type=\"widget\" data-widget_type=\"text-editor.default\">\n\t\t\t\t<div class=\"elementor-widget-container\">\n\t\t\t\t\t\t\t\t\t<p><span style=\"font-weight: 400;\">Das German-African Network for Excellence in Science wurde von der Alexander von Humboldt-Stiftung in Zusammenarbeit mit Forschern aus verschiedenen afrikanischen L\u00e4ndern ins Leben gerufen. Das neue Netzwerk hielt seine Gr\u00fcndungskonferenz vom 16. bis 18. November 2011 in Addis Abeba, \u00c4thiopien, ab. Das AGNES-Netzwerk soll die f\u00fchrende Rolle von Forschung und Innovation bei der nachhaltigen Entwicklung in Subsahara-Afrika besser sichtbar machen. Bedeutende Forscher aus der Region, die enger untereinander und mit Kollegen in Deutschland zusammenarbeiten wollen, nehmen daran teil. Ihr Ziel ist es auch, junge Menschen zu ermutigen, sich in der wissenschaftlichen Forschung zu engagieren und eine Karriere zu machen.\u00a0<\/span><\/p><p><span style=\"font-weight: 400;\">AGNES setzt sich daf\u00fcr ein, den sozialen Wandel in Afrika zu unterst\u00fctzen, indem akademische Spitzenleistungen zu einem gesellschaftlich anerkannten Kriterium f\u00fcr den beruflichen Aufstieg gemacht werden. W\u00e4hrend in der Vergangenheit z. B. Leiter von Hochschulen h\u00e4ufig nach Dienstalter ernannt wurden, sind es heute zunehmend junge, hochqualifizierte Akademiker. Es wird erwartet, dass sie echte Forschungseinrichtungen aufbauen, die sich sowohl auf nationaler als auch auf internationaler Ebene behaupten k\u00f6nnen. Mit der Gr\u00fcndung eines deutsch-afrikanischen Netzwerks f\u00fcr Wissenschaftsexzellenz sollte eine \u00fcberregionale Kontaktstruktur zur St\u00e4rkung der akademischen Exzellenz in Subsahara-Afrika geschaffen werden, die \u00fcber das Humboldt-Netzwerk im engsten Sinne hinausgeht. Das DAW-Zentrum beherbergte von 2012 bis 2015 die Vertretung des AGNES-Netzwerks in seinem Inneren.<\/span><\/p>\t\t\t\t\t\t\t\t<\/div>\n\t\t\t\t<\/div>\n\t\t\t\t<div class=\"elementor-element elementor-element-908c51f elementor-widget elementor-widget-heading\" data-id=\"908c51f\" data-element_type=\"widget\" data-widget_type=\"heading.default\">\n\t\t\t\t<div class=\"elementor-widget-container\">\n\t\t\t\t\t<h2 class=\"elementor-heading-title elementor-size-default\">Die AGNES-Werkst\u00e4tten<\/h2>\t\t\t\t<\/div>\n\t\t\t\t<\/div>\n\t\t\t\t<div class=\"elementor-element elementor-element-4f23973 elementor-widget elementor-widget-text-editor\" data-id=\"4f23973\" data-element_type=\"widget\" data-widget_type=\"text-editor.default\">\n\t\t\t\t<div class=\"elementor-widget-container\">\n\t\t\t\t\t\t\t\t\t<p><span style=\"font-weight: 400;\">Von Januar 2012 bis Dezember 2014 traf sich der Exekutivausschuss von AGNES (African German Network of Excellence in Science) an seinem Sitz im DAW-Zentrum. Ebenfalls im Rahmen der Aktivit\u00e4ten von AGNES fanden 2013 und 2014 zwei Workshops im DAW-Zentrum statt, wie bereits 2012. Bei diesen Workshops trafen sich die Mitglieder des AGNES-Komitees zu verschiedenen Zwecken, darunter die Auswahl der Kandidaten f\u00fcr die vom Netzwerk verliehenen akademischen Auszeichnungen. Das DAW-Zentrum koordinierte zwischen 2012 und 2014 auch die Ma\u00dfnahmen und den Betrieb des Netzwerks.<\/span><\/p>\t\t\t\t\t\t\t\t<\/div>\n\t\t\t\t<\/div>\n\t\t\t\t<\/div>\n\t\t<div class=\"elementor-element elementor-element-6af8fd5 e-con-full e-flex e-con e-child\" data-id=\"6af8fd5\" data-element_type=\"container\" id=\"phf\">\n\t\t\t\t<div class=\"elementor-element elementor-element-f4135d9 elementor-widget elementor-widget-heading\" data-id=\"f4135d9\" data-element_type=\"widget\" data-widget_type=\"heading.default\">\n\t\t\t\t<div class=\"elementor-widget-container\">\n\t\t\t\t\t<h2 class=\"elementor-heading-title elementor-size-default\">Projekt Health Focus - IRES-Group <\/h2>\t\t\t\t<\/div>\n\t\t\t\t<\/div>\n\t\t\t\t<div class=\"elementor-element elementor-element-8eb4d8a elementor-widget elementor-widget-text-editor\" data-id=\"8eb4d8a\" data-element_type=\"widget\" data-widget_type=\"text-editor.default\">\n\t\t\t\t<div class=\"elementor-widget-container\">\n\t\t\t\t\t\t\t\t\t<p>Dieses Projekt im Bereich der \u00f6ffentlichen Gesundheit, das von Dr. Rogers Ajeh geleitet wird, umfasst die Durchf\u00fchrung einer CAP-Studie im Auftrag der OCEAC, wobei Kamerun als Einsatzort und Ort der Durchf\u00fchrung der Studie vorgesehen ist. Es geht um die Durchf\u00fchrung von Felduntersuchungen, um Aufgaben in \u00dcbereinstimmung mit den ToR zu erf\u00fcllen.  Das Projekt l\u00e4uft vom 1\u1d49\u02b3 September 2022 bis zum 31. M\u00e4rz 2023.\u00a0<\/p><p>Weitere Informationen finden Sie unter <a href=\"https:\/\/www.iresgroup.org\">https:\/\/www.iresgroup.org<\/a><\/p>\t\t\t\t\t\t\t\t<\/div>\n\t\t\t\t<\/div>\n\t\t\t\t<\/div>\n\t\t\t\t<\/div>\n\t\t<div class=\"elementor-element elementor-element-d18a2f1 e-con-full e-flex e-con e-child\" data-id=\"d18a2f1\" data-element_type=\"container\">\n\t\t<div class=\"elementor-element elementor-element-b856159 e-con-full e-flex e-con e-child\" data-id=\"b856159\" data-element_type=\"container\" data-settings=\"{&quot;background_background&quot;:&quot;classic&quot;,&quot;sticky&quot;:&quot;top&quot;,&quot;sticky_offset&quot;:150,&quot;sticky_parent&quot;:&quot;yes&quot;,&quot;sticky_effects_offset&quot;:100,&quot;sticky_on&quot;:[&quot;desktop&quot;,&quot;tablet&quot;,&quot;mobile&quot;]}\">\n\t\t\t\t<div class=\"elementor-element elementor-element-3462925 elementor-widget elementor-widget-heading\" data-id=\"3462925\" data-element_type=\"widget\" data-widget_type=\"heading.default\">\n\t\t\t\t<div class=\"elementor-widget-container\">\n\t\t\t\t\t<h2 class=\"elementor-heading-title elementor-size-default\">Durchsuchen Sie die Gruppen<\/h2>\t\t\t\t<\/div>\n\t\t\t\t<\/div>\n\t\t\t\t<div class=\"elementor-element elementor-element-036d6d1 elementor-widget-divider--view-line elementor-widget elementor-widget-divider\" data-id=\"036d6d1\" data-element_type=\"widget\" data-widget_type=\"divider.default\">\n\t\t\t\t<div class=\"elementor-widget-container\">\n\t\t\t\t\t\t\t<div class=\"elementor-divider\">\n\t\t\t<span class=\"elementor-divider-separator\">\n\t\t\t\t\t\t<\/span>\n\t\t<\/div>\n\t\t\t\t\t\t<\/div>\n\t\t\t\t<\/div>\n\t\t\t\t<div class=\"elementor-element elementor-element-195f7b4 elementor-position-left elementor-view-default elementor-mobile-position-top elementor-widget elementor-widget-icon-box\" data-id=\"195f7b4\" data-element_type=\"widget\" data-widget_type=\"icon-box.default\">\n\t\t\t\t<div class=\"elementor-widget-container\">\n\t\t\t\t\t\t\t<div class=\"elementor-icon-box-wrapper\">\n\n\t\t\t\t\t\t<div class=\"elementor-icon-box-icon\">\n\t\t\t\t<a href=\"https:\/\/daw-zentrum.org\/de\/groupes-de-recherches\/#afr\" class=\"elementor-icon\" tabindex=\"-1\" aria-label=\"AFRI-GER-MATH-NET\">\n\t\t\t\t<svg aria-hidden=\"true\" class=\"e-font-icon-svg e-fas-chevron-right\" viewbox=\"0 0 320 512\" xmlns=\"http:\/\/www.w3.org\/2000\/svg\"><path d=\"M285.476 272.971L91.132 467.314c-9.373 9.373-24.569 9.373-33.941 0l-22.667-22.667c-9.357-9.357-9.375-24.522-.04-33.901L188.505 256 34.484 101.255c-9.335-9.379-9.317-24.544.04-33.901l22.667-22.667c9.373-9.373 24.569-9.373 33.941 0L285.475 239.03c9.373 9.372 9.373 24.568.001 33.941z\"><\/path><\/svg>\t\t\t\t<\/a>\n\t\t\t<\/div>\n\t\t\t\n\t\t\t\t\t\t<div class=\"elementor-icon-box-content\">\n\n\t\t\t\t\t\t\t\t\t<h3 class=\"elementor-icon-box-title\">\n\t\t\t\t\t\t<a href=\"https:\/\/daw-zentrum.org\/de\/groupes-de-recherches\/#afr\" >\n\t\t\t\t\t\t\tAFRI-GER-MATH-NET\t\t\t\t\t\t<\/a>\n\t\t\t\t\t<\/h3>\n\t\t\t\t\n\t\t\t\t\n\t\t\t<\/div>\n\t\t\t\n\t\t<\/div>\n\t\t\t\t\t\t<\/div>\n\t\t\t\t<\/div>\n\t\t\t\t<div class=\"elementor-element elementor-element-258dac0 elementor-position-left elementor-view-default elementor-mobile-position-top elementor-widget elementor-widget-icon-box\" data-id=\"258dac0\" data-element_type=\"widget\" data-widget_type=\"icon-box.default\">\n\t\t\t\t<div class=\"elementor-widget-container\">\n\t\t\t\t\t\t\t<div class=\"elementor-icon-box-wrapper\">\n\n\t\t\t\t\t\t<div class=\"elementor-icon-box-icon\">\n\t\t\t\t<a href=\"https:\/\/daw-zentrum.org\/de\/groupes-de-recherches\/#agnes\" class=\"elementor-icon\" tabindex=\"-1\" aria-label=\"AGNES \">\n\t\t\t\t<svg aria-hidden=\"true\" class=\"e-font-icon-svg e-fas-chevron-right\" viewbox=\"0 0 320 512\" xmlns=\"http:\/\/www.w3.org\/2000\/svg\"><path d=\"M285.476 272.971L91.132 467.314c-9.373 9.373-24.569 9.373-33.941 0l-22.667-22.667c-9.357-9.357-9.375-24.522-.04-33.901L188.505 256 34.484 101.255c-9.335-9.379-9.317-24.544.04-33.901l22.667-22.667c9.373-9.373 24.569-9.373 33.941 0L285.475 239.03c9.373 9.372 9.373 24.568.001 33.941z\"><\/path><\/svg>\t\t\t\t<\/a>\n\t\t\t<\/div>\n\t\t\t\n\t\t\t\t\t\t<div class=\"elementor-icon-box-content\">\n\n\t\t\t\t\t\t\t\t\t<h3 class=\"elementor-icon-box-title\">\n\t\t\t\t\t\t<a href=\"https:\/\/daw-zentrum.org\/de\/groupes-de-recherches\/#agnes\" >\n\t\t\t\t\t\t\tAGNES \t\t\t\t\t\t<\/a>\n\t\t\t\t\t<\/h3>\n\t\t\t\t\n\t\t\t\t\n\t\t\t<\/div>\n\t\t\t\n\t\t<\/div>\n\t\t\t\t\t\t<\/div>\n\t\t\t\t<\/div>\n\t\t\t\t<div class=\"elementor-element elementor-element-d723277 elementor-position-left elementor-view-default elementor-mobile-position-top elementor-widget elementor-widget-icon-box\" data-id=\"d723277\" data-element_type=\"widget\" data-widget_type=\"icon-box.default\">\n\t\t\t\t<div class=\"elementor-widget-container\">\n\t\t\t\t\t\t\t<div class=\"elementor-icon-box-wrapper\">\n\n\t\t\t\t\t\t<div class=\"elementor-icon-box-icon\">\n\t\t\t\t<a href=\"https:\/\/daw-zentrum.org\/de\/groupes-de-recherches\/#phf\" class=\"elementor-icon\" tabindex=\"-1\" aria-label=\"Projekt Health Focus - IRES-Group \">\n\t\t\t\t<svg aria-hidden=\"true\" class=\"e-font-icon-svg e-fas-chevron-right\" viewbox=\"0 0 320 512\" xmlns=\"http:\/\/www.w3.org\/2000\/svg\"><path d=\"M285.476 272.971L91.132 467.314c-9.373 9.373-24.569 9.373-33.941 0l-22.667-22.667c-9.357-9.357-9.375-24.522-.04-33.901L188.505 256 34.484 101.255c-9.335-9.379-9.317-24.544.04-33.901l22.667-22.667c9.373-9.373 24.569-9.373 33.941 0L285.475 239.03c9.373 9.372 9.373 24.568.001 33.941z\"><\/path><\/svg>\t\t\t\t<\/a>\n\t\t\t<\/div>\n\t\t\t\n\t\t\t\t\t\t<div class=\"elementor-icon-box-content\">\n\n\t\t\t\t\t\t\t\t\t<h3 class=\"elementor-icon-box-title\">\n\t\t\t\t\t\t<a href=\"https:\/\/daw-zentrum.org\/de\/groupes-de-recherches\/#phf\" >\n\t\t\t\t\t\t\tProjekt Health Focus - IRES-Group \t\t\t\t\t\t<\/a>\n\t\t\t\t\t<\/h3>\n\t\t\t\t\n\t\t\t\t\n\t\t\t<\/div>\n\t\t\t\n\t\t<\/div>\n\t\t\t\t\t\t<\/div>\n\t\t\t\t<\/div>\n\t\t\t\t<\/div>\n\t\t\t\t<\/div>\n\t\t\t\t\t<\/div>\n\t\t\t\t<\/div>\n\t\t\t\t<\/div>","protected":false},"excerpt":{"rendered":"<p>Unsere Forschungsgruppen African-German Network in Mathematical Sciences and Applications (AFRI-GER-MATH-NET) Das Humboldt-Labor f\u00fcr digitale und p\u00e4dagogische Mathematik betreibt Forschung in Mathematik und ist an der Universit\u00e4t Yaound\u00e9 1 im Rahmen des Alexander von Humboldt-Preises f\u00fcr innovative Netzwerkinitiativen angesiedelt, der 2012 von Prof. Mama [...] erhalten wurde.<\/p>","protected":false},"author":1,"featured_media":0,"parent":0,"menu_order":0,"comment_status":"closed","ping_status":"closed","template":"","meta":{"footnotes":""},"class_list":["post-839","page","type-page","status-publish","hentry"],"_links":{"self":[{"href":"https:\/\/daw-zentrum.org\/de\/wp-json\/wp\/v2\/pages\/839"}],"collection":[{"href":"https:\/\/daw-zentrum.org\/de\/wp-json\/wp\/v2\/pages"}],"about":[{"href":"https:\/\/daw-zentrum.org\/de\/wp-json\/wp\/v2\/types\/page"}],"author":[{"embeddable":true,"href":"https:\/\/daw-zentrum.org\/de\/wp-json\/wp\/v2\/users\/1"}],"replies":[{"embeddable":true,"href":"https:\/\/daw-zentrum.org\/de\/wp-json\/wp\/v2\/comments?post=839"}],"version-history":[{"count":25,"href":"https:\/\/daw-zentrum.org\/de\/wp-json\/wp\/v2\/pages\/839\/revisions"}],"predecessor-version":[{"id":2149,"href":"https:\/\/daw-zentrum.org\/de\/wp-json\/wp\/v2\/pages\/839\/revisions\/2149"}],"wp:attachment":[{"href":"https:\/\/daw-zentrum.org\/de\/wp-json\/wp\/v2\/media?parent=839"}],"curies":[{"name":"wp","href":"https:\/\/api.w.org\/{rel}","templated":true}]}}