{"id":1991,"date":"2024-07-24T04:14:39","date_gmt":"2024-07-24T04:14:39","guid":{"rendered":"https:\/\/daw-zentrum.org\/?page_id=1991"},"modified":"2024-07-24T05:07:51","modified_gmt":"2024-07-24T05:07:51","slug":"actualites","status":"publish","type":"page","link":"https:\/\/daw-zentrum.org\/de\/actualites\/","title":{"rendered":"Nachrichten"},"content":{"rendered":"<div data-elementor-type=\"wp-page\" data-elementor-id=\"1991\" class=\"elementor elementor-1991\" data-elementor-post-type=\"page\">\n\t\t\t\t<div class=\"elementor-element elementor-element-20b6065 e-con-full e-flex e-con e-parent\" data-id=\"20b6065\" data-element_type=\"container\" data-settings=\"{&quot;background_background&quot;:&quot;classic&quot;}\">\n\t\t<div class=\"elementor-element elementor-element-0168e73 e-flex e-con-boxed e-con e-child\" data-id=\"0168e73\" data-element_type=\"container\">\n\t\t\t\t\t<div class=\"e-con-inner\">\n\t\t\t\t<div class=\"elementor-element elementor-element-509fc2e elementor-invisible elementor-widget elementor-widget-heading\" data-id=\"509fc2e\" data-element_type=\"widget\" data-settings=\"{&quot;_animation&quot;:&quot;fadeInUp&quot;}\" data-widget_type=\"heading.default\">\n\t\t\t\t<div class=\"elementor-widget-container\">\n\t\t\t\t\t<h1 class=\"elementor-heading-title elementor-size-default\">Nachrichten und Veranstaltungen<\/h1>\t\t\t\t<\/div>\n\t\t\t\t<\/div>\n\t\t\t\t\t<\/div>\n\t\t\t\t<\/div>\n\t\t\t\t<\/div>\n\t\t<div class=\"elementor-element elementor-element-8d1ae75 e-con-full e-flex e-con e-parent\" data-id=\"8d1ae75\" data-element_type=\"container\" data-settings=\"{&quot;background_background&quot;:&quot;classic&quot;}\">\n\t\t<div class=\"elementor-element elementor-element-cbe83d0 e-grid e-con-full e-con e-child\" data-id=\"cbe83d0\" data-element_type=\"container\">\n\t\t<div class=\"elementor-element elementor-element-8ccfbf9 e-flex e-con-boxed elementor-invisible e-con e-child\" data-id=\"8ccfbf9\" data-element_type=\"container\" data-settings=\"{&quot;animation&quot;:&quot;fadeInUp&quot;,&quot;animation_delay&quot;:200}\">\n\t\t\t\t\t<div class=\"e-con-inner\">\n\t\t\t\t<div class=\"elementor-element elementor-element-f781dd6 elementor-widget elementor-widget-heading\" data-id=\"f781dd6\" data-element_type=\"widget\" data-widget_type=\"heading.default\">\n\t\t\t\t<div class=\"elementor-widget-container\">\n\t\t\t\t\t<h6 class=\"elementor-heading-title elementor-size-default\">Unsere Veranstaltungen <\/h6>\t\t\t\t<\/div>\n\t\t\t\t<\/div>\n\t\t\t\t<div class=\"elementor-element elementor-element-862905f elementor-widget elementor-widget-heading\" data-id=\"862905f\" data-element_type=\"widget\" data-widget_type=\"heading.default\">\n\t\t\t\t<div class=\"elementor-widget-container\">\n\t\t\t\t\t<h2 class=\"elementor-heading-title elementor-size-default\">Bleiben Sie informiert \u00fcber Neuigkeiten und Veranstaltungen beim DAW-Zentrum<\/h2>\t\t\t\t<\/div>\n\t\t\t\t<\/div>\n\t\t\t\t\t<\/div>\n\t\t\t\t<\/div>\n\t\t\t\t<div class=\"elementor-element elementor-element-8dffc30 elementor-widget elementor-widget-text-editor\" data-id=\"8dffc30\" data-element_type=\"widget\" data-widget_type=\"text-editor.default\">\n\t\t\t\t<div class=\"elementor-widget-container\">\n\t\t\t\t\t\t\t\t\t<p>Halten Sie sich \u00fcber die neuesten Veranstaltungen im DAW-Zentrum auf dem Laufenden. Ob bahnbrechende wissenschaftliche Durchbr\u00fcche oder bevorstehende Workshops und Konferenzen, wir haben alles, was Sie brauchen. Erfahren Sie mehr \u00fcber die spannenden Initiativen, die die Zukunft der Forschung und Zusammenarbeit gestalten.<\/p>\t\t\t\t\t\t\t\t<\/div>\n\t\t\t\t<\/div>\n\t\t\t\t<\/div>\n\t\t<div class=\"elementor-element elementor-element-7579b4d e-con-full e-flex e-con e-child\" data-id=\"7579b4d\" data-element_type=\"container\">\n\t\t\t\t<div class=\"elementor-element elementor-element-6278d26 elementor-grid-3 elementor-grid-tablet-2 elementor-grid-mobile-1 elementor-widget elementor-widget-loop-grid\" data-id=\"6278d26\" data-element_type=\"widget\" data-settings=\"{&quot;template_id&quot;:1996,&quot;_skin&quot;:&quot;post&quot;,&quot;columns&quot;:&quot;3&quot;,&quot;columns_tablet&quot;:&quot;2&quot;,&quot;columns_mobile&quot;:&quot;1&quot;,&quot;edit_handle_selector&quot;:&quot;[data-elementor-type=\\&quot;loop-item\\&quot;]&quot;,&quot;row_gap&quot;:{&quot;unit&quot;:&quot;px&quot;,&quot;size&quot;:&quot;&quot;,&quot;sizes&quot;:[]},&quot;row_gap_tablet&quot;:{&quot;unit&quot;:&quot;px&quot;,&quot;size&quot;:&quot;&quot;,&quot;sizes&quot;:[]},&quot;row_gap_mobile&quot;:{&quot;unit&quot;:&quot;px&quot;,&quot;size&quot;:&quot;&quot;,&quot;sizes&quot;:[]}}\" data-widget_type=\"loop-grid.post\">\n\t\t\t\t<div class=\"elementor-widget-container\">\n\t\t\t\t\t\t\t<div class=\"elementor-loop-container elementor-grid\">\n\t\t<style id=\"loop-1996\">.elementor-1996 .elementor-element.elementor-element-cea1bb3{--display:flex;--min-height:0px;--justify-content:space-around;--gap:0px 0px;--row-gap:0px;--column-gap:0px;--border-radius:5px 5px 5px 5px;box-shadow:0px 0px 60px 0px rgba(0, 0, 0, 0.1);--padding-top:0px;--padding-bottom:0px;--padding-left:0px;--padding-right:0px;}.elementor-1996 .elementor-element.elementor-element-cea1bb3:not(.elementor-motion-effects-element-type-background), .elementor-1996 .elementor-element.elementor-element-cea1bb3 > .elementor-motion-effects-container > .elementor-motion-effects-layer{background-color:#FFFFFF;}.elementor-1996 .elementor-element.elementor-element-3df9e37 img{width:100%;height:215px;object-fit:cover;object-position:center center;border-radius:5px 5px 0px 0px;}.elementor-1996 .elementor-element.elementor-element-e09853d{--display:flex;--padding-top:2em;--padding-bottom:2em;--padding-left:2em;--padding-right:2em;}.elementor-1996 .elementor-element.elementor-element-a621d3e .elementor-heading-title{font-size:20px;font-weight:500;color:var( --e-global-color-1ede773 );}.elementor-1996 .elementor-element.elementor-element-1f71ac6 .elementor-icon-list-icon i{color:var( --e-global-color-1ede773 );transition:color 0.3s;}.elementor-1996 .elementor-element.elementor-element-1f71ac6 .elementor-icon-list-icon svg{fill:var( --e-global-color-1ede773 );transition:fill 0.3s;}.elementor-1996 .elementor-element.elementor-element-1f71ac6{--e-icon-list-icon-size:14px;--icon-vertical-offset:0px;}.elementor-1996 .elementor-element.elementor-element-1f71ac6 .elementor-icon-list-text{transition:color 0.3s;}.elementor-1996 .elementor-element.elementor-element-ede48a4 .elementor-button{background-color:var( --e-global-color-1ede773 );border-style:solid;border-width:2px 2px 2px 2px;border-color:var( --e-global-color-1ede773 );}.elementor-1996 .elementor-element.elementor-element-ede48a4 .elementor-button:hover, .elementor-1996 .elementor-element.elementor-element-ede48a4 .elementor-button:focus{background-color:#02010100;color:#000000;border-color:var( --e-global-color-1ede773 );}.elementor-1996 .elementor-element.elementor-element-ede48a4 .elementor-button:hover svg, .elementor-1996 .elementor-element.elementor-element-ede48a4 .elementor-button:focus svg{fill:#000000;}@media(max-width:900px){.elementor-1996 .elementor-element.elementor-element-3df9e37 img{height:165px;}}@media(max-width:767px){.elementor-1996 .elementor-element.elementor-element-3df9e37 img{height:225px;}}<\/style>\t\t<div data-elementor-type=\"loop-item\" data-elementor-id=\"1996\" class=\"elementor elementor-1996 e-loop-item e-loop-item-2113 post-2113 post type-post status-publish format-standard has-post-thumbnail hentry category-blog\" data-elementor-post-type=\"elementor_library\" data-custom-edit-handle=\"1\">\n\t\t\t<div class=\"elementor-element elementor-element-cea1bb3 e-flex e-con-boxed e-con e-parent\" data-id=\"cea1bb3\" data-element_type=\"container\" data-settings=\"{&quot;background_background&quot;:&quot;classic&quot;}\">\n\t\t\t\t\t<div class=\"e-con-inner\">\n\t\t\t\t<div class=\"elementor-element elementor-element-3df9e37 elementor-widget elementor-widget-image\" data-id=\"3df9e37\" data-element_type=\"widget\" data-widget_type=\"image.default\">\n\t\t\t\t<div class=\"elementor-widget-container\">\n\t\t\t\t\t\t\t\t\t\t\t\t\t\t\t<img fetchpriority=\"high\" decoding=\"async\" width=\"1080\" height=\"810\" src=\"https:\/\/daw-zentrum.org\/wp-content\/uploads\/2024\/09\/WhatsApp-Image-2024-09-18-at-18.56.17.jpeg\" class=\"attachment-full size-full wp-image-2115\" alt=\"\" srcset=\"https:\/\/daw-zentrum.org\/wp-content\/uploads\/2024\/09\/WhatsApp-Image-2024-09-18-at-18.56.17.jpeg 1080w, https:\/\/daw-zentrum.org\/wp-content\/uploads\/2024\/09\/WhatsApp-Image-2024-09-18-at-18.56.17-300x225.jpeg 300w, https:\/\/daw-zentrum.org\/wp-content\/uploads\/2024\/09\/WhatsApp-Image-2024-09-18-at-18.56.17-1024x768.jpeg 1024w, https:\/\/daw-zentrum.org\/wp-content\/uploads\/2024\/09\/WhatsApp-Image-2024-09-18-at-18.56.17-768x576.jpeg 768w, https:\/\/daw-zentrum.org\/wp-content\/uploads\/2024\/09\/WhatsApp-Image-2024-09-18-at-18.56.17-16x12.jpeg 16w\" sizes=\"(max-width: 1080px) 100vw, 1080px\" \/>\t\t\t\t\t\t\t\t\t\t\t\t\t\t\t<\/div>\n\t\t\t\t<\/div>\n\t\t<div class=\"elementor-element elementor-element-e09853d e-con-full e-flex e-con e-child\" data-id=\"e09853d\" data-element_type=\"container\">\n\t\t\t\t<div class=\"elementor-element elementor-element-a621d3e elementor-widget elementor-widget-theme-post-title elementor-page-title elementor-widget-heading\" data-id=\"a621d3e\" data-element_type=\"widget\" data-widget_type=\"theme-post-title.default\">\n\t\t\t\t<div class=\"elementor-widget-container\">\n\t\t\t\t\t<h1 class=\"elementor-heading-title elementor-size-default\">DER GR\u00dcNDER DES DAW-CENTERS WURDE VON MINAC ANGEH\u00d6RT.<\/h1>\t\t\t\t<\/div>\n\t\t\t\t<\/div>\n\t\t\t\t<div class=\"elementor-element elementor-element-1f71ac6 elementor-icon-list--layout-traditional elementor-list-item-link-full_width elementor-widget elementor-widget-icon-list\" data-id=\"1f71ac6\" data-element_type=\"widget\" data-widget_type=\"icon-list.default\">\n\t\t\t\t<div class=\"elementor-widget-container\">\n\t\t\t\t\t\t\t<ul class=\"elementor-icon-list-items\">\n\t\t\t\t\t\t\t<li class=\"elementor-icon-list-item\">\n\t\t\t\t\t\t\t\t\t\t\t<span class=\"elementor-icon-list-icon\">\n\t\t\t\t\t\t\t<i aria-hidden=\"true\" class=\"lnr lnr-calendar-full\"><\/i>\t\t\t\t\t\t<\/span>\n\t\t\t\t\t\t\t\t\t\t<span class=\"elementor-icon-list-text\">2024-09-18<\/span>\n\t\t\t\t\t\t\t\t\t<\/li>\n\t\t\t\t\t\t\t\t<li class=\"elementor-icon-list-item\">\n\t\t\t\t\t\t\t\t\t\t\t<span class=\"elementor-icon-list-icon\">\n\t\t\t\t\t\t\t<i aria-hidden=\"true\" class=\"icon_clock_alt\"><\/i>\t\t\t\t\t\t<\/span>\n\t\t\t\t\t\t\t\t\t\t<span class=\"elementor-icon-list-text\">14:00<\/span>\n\t\t\t\t\t\t\t\t\t<\/li>\n\t\t\t\t\t\t\t\t<li class=\"elementor-icon-list-item\">\n\t\t\t\t\t\t\t\t\t\t\t<span class=\"elementor-icon-list-icon\">\n\t\t\t\t\t\t\t<i aria-hidden=\"true\" class=\"icon icon-map-marker1\"><\/i>\t\t\t\t\t\t<\/span>\n\t\t\t\t\t\t\t\t\t\t<span class=\"elementor-icon-list-text\">Gesellschaftsraum, Ministerium f\u00fcr Kunst und Kultur<\/span>\n\t\t\t\t\t\t\t\t\t<\/li>\n\t\t\t\t\t\t<\/ul>\n\t\t\t\t\t\t<\/div>\n\t\t\t\t<\/div>\n\t\t\t\t<div class=\"elementor-element elementor-element-ede48a4 elementor-align-left elementor-widget elementor-widget-button\" data-id=\"ede48a4\" data-element_type=\"widget\" data-widget_type=\"button.default\">\n\t\t\t\t<div class=\"elementor-widget-container\">\n\t\t\t\t\t\t\t\t\t<div class=\"elementor-button-wrapper\">\n\t\t\t\t\t<a class=\"elementor-button elementor-button-link elementor-size-sm\" href=\"https:\/\/daw-zentrum.org\/de\/le-fondateur-du-daw-center-recu-en-audience-par-le-minac\/\">\n\t\t\t\t\t\t<span class=\"elementor-button-content-wrapper\">\n\t\t\t\t\t\t\t\t\t<span class=\"elementor-button-text\">Mehr erfahren<\/span>\n\t\t\t\t\t<\/span>\n\t\t\t\t\t<\/a>\n\t\t\t\t<\/div>\n\t\t\t\t\t\t\t\t<\/div>\n\t\t\t\t<\/div>\n\t\t\t\t<\/div>\n\t\t\t\t\t<\/div>\n\t\t\t\t<\/div>\n\t\t\t\t<\/div>\n\t\t\t\t<div data-elementor-type=\"loop-item\" data-elementor-id=\"1996\" class=\"elementor elementor-1996 e-loop-item e-loop-item-2109 post-2109 post type-post status-publish format-standard has-post-thumbnail hentry category-blog\" data-elementor-post-type=\"elementor_library\" data-custom-edit-handle=\"1\">\n\t\t\t<div class=\"elementor-element elementor-element-cea1bb3 e-flex e-con-boxed e-con e-parent\" data-id=\"cea1bb3\" data-element_type=\"container\" data-settings=\"{&quot;background_background&quot;:&quot;classic&quot;}\">\n\t\t\t\t\t<div class=\"e-con-inner\">\n\t\t\t\t<div class=\"elementor-element elementor-element-3df9e37 elementor-widget elementor-widget-image\" data-id=\"3df9e37\" data-element_type=\"widget\" data-widget_type=\"image.default\">\n\t\t\t\t<div class=\"elementor-widget-container\">\n\t\t\t\t\t\t\t\t\t\t\t\t\t\t\t<img decoding=\"async\" width=\"1092\" height=\"1940\" src=\"https:\/\/daw-zentrum.org\/wp-content\/uploads\/2024\/09\/Bild-11.jpeg\" class=\"attachment-full size-full wp-image-2110\" alt=\"\" srcset=\"https:\/\/daw-zentrum.org\/wp-content\/uploads\/2024\/09\/Bild-11.jpeg 1092w, https:\/\/daw-zentrum.org\/wp-content\/uploads\/2024\/09\/Bild-11-169x300.jpeg 169w, https:\/\/daw-zentrum.org\/wp-content\/uploads\/2024\/09\/Bild-11-576x1024.jpeg 576w, https:\/\/daw-zentrum.org\/wp-content\/uploads\/2024\/09\/Bild-11-768x1364.jpeg 768w, https:\/\/daw-zentrum.org\/wp-content\/uploads\/2024\/09\/Bild-11-865x1536.jpeg 865w, https:\/\/daw-zentrum.org\/wp-content\/uploads\/2024\/09\/Bild-11-7x12.jpeg 7w\" sizes=\"(max-width: 1092px) 100vw, 1092px\" \/>\t\t\t\t\t\t\t\t\t\t\t\t\t\t\t<\/div>\n\t\t\t\t<\/div>\n\t\t<div class=\"elementor-element elementor-element-e09853d e-con-full e-flex e-con e-child\" data-id=\"e09853d\" data-element_type=\"container\">\n\t\t\t\t<div class=\"elementor-element elementor-element-a621d3e elementor-widget elementor-widget-theme-post-title elementor-page-title elementor-widget-heading\" data-id=\"a621d3e\" data-element_type=\"widget\" data-widget_type=\"theme-post-title.default\">\n\t\t\t\t<div class=\"elementor-widget-container\">\n\t\t\t\t\t<h1 class=\"elementor-heading-title elementor-size-default\">WORKSHOP ZUR AUSGABE DER ERGEBNISSE DES PROJEKTS \"LES RESTES HUMAINS EMPORT\u00c9S EN ALLEMAGNE DURANT LA P\u00c9RIODE COLONIALE\" (KAMERUN)<\/h1>\t\t\t\t<\/div>\n\t\t\t\t<\/div>\n\t\t\t\t<div class=\"elementor-element elementor-element-1f71ac6 elementor-icon-list--layout-traditional elementor-list-item-link-full_width elementor-widget elementor-widget-icon-list\" data-id=\"1f71ac6\" data-element_type=\"widget\" data-widget_type=\"icon-list.default\">\n\t\t\t\t<div class=\"elementor-widget-container\">\n\t\t\t\t\t\t\t<ul class=\"elementor-icon-list-items\">\n\t\t\t\t\t\t\t<li class=\"elementor-icon-list-item\">\n\t\t\t\t\t\t\t\t\t\t\t<span class=\"elementor-icon-list-icon\">\n\t\t\t\t\t\t\t<i aria-hidden=\"true\" class=\"lnr lnr-calendar-full\"><\/i>\t\t\t\t\t\t<\/span>\n\t\t\t\t\t\t\t\t\t\t<span class=\"elementor-icon-list-text\">2024-09-11<\/span>\n\t\t\t\t\t\t\t\t\t<\/li>\n\t\t\t\t\t\t\t\t<li class=\"elementor-icon-list-item\">\n\t\t\t\t\t\t\t\t\t\t\t<span class=\"elementor-icon-list-icon\">\n\t\t\t\t\t\t\t<i aria-hidden=\"true\" class=\"icon_clock_alt\"><\/i>\t\t\t\t\t\t<\/span>\n\t\t\t\t\t\t\t\t\t\t<span class=\"elementor-icon-list-text\">09:00<\/span>\n\t\t\t\t\t\t\t\t\t<\/li>\n\t\t\t\t\t\t\t\t<li class=\"elementor-icon-list-item\">\n\t\t\t\t\t\t\t\t\t\t\t<span class=\"elementor-icon-list-icon\">\n\t\t\t\t\t\t\t<i aria-hidden=\"true\" class=\"icon icon-map-marker1\"><\/i>\t\t\t\t\t\t<\/span>\n\t\t\t\t\t\t\t\t\t\t<span class=\"elementor-icon-list-text\">DAW-CENTRE<\/span>\n\t\t\t\t\t\t\t\t\t<\/li>\n\t\t\t\t\t\t<\/ul>\n\t\t\t\t\t\t<\/div>\n\t\t\t\t<\/div>\n\t\t\t\t<div class=\"elementor-element elementor-element-ede48a4 elementor-align-left elementor-widget elementor-widget-button\" data-id=\"ede48a4\" data-element_type=\"widget\" data-widget_type=\"button.default\">\n\t\t\t\t<div class=\"elementor-widget-container\">\n\t\t\t\t\t\t\t\t\t<div class=\"elementor-button-wrapper\">\n\t\t\t\t\t<a class=\"elementor-button elementor-button-link elementor-size-sm\" href=\"https:\/\/daw-zentrum.org\/de\/atelier-de-restitution-des-resultats-du-projet-les-restes-humains-emportes-en-allemagne-durant-la-periode-coloniale-cameroun\/\">\n\t\t\t\t\t\t<span class=\"elementor-button-content-wrapper\">\n\t\t\t\t\t\t\t\t\t<span class=\"elementor-button-text\">Mehr erfahren<\/span>\n\t\t\t\t\t<\/span>\n\t\t\t\t\t<\/a>\n\t\t\t\t<\/div>\n\t\t\t\t\t\t\t\t<\/div>\n\t\t\t\t<\/div>\n\t\t\t\t<\/div>\n\t\t\t\t\t<\/div>\n\t\t\t\t<\/div>\n\t\t\t\t<\/div>\n\t\t\t\t<div data-elementor-type=\"loop-item\" data-elementor-id=\"1996\" class=\"elementor elementor-1996 e-loop-item e-loop-item-2104 post-2104 post type-post status-publish format-standard has-post-thumbnail hentry category-blog\" data-elementor-post-type=\"elementor_library\" data-custom-edit-handle=\"1\">\n\t\t\t<div class=\"elementor-element elementor-element-cea1bb3 e-flex e-con-boxed e-con e-parent\" data-id=\"cea1bb3\" data-element_type=\"container\" data-settings=\"{&quot;background_background&quot;:&quot;classic&quot;}\">\n\t\t\t\t\t<div class=\"e-con-inner\">\n\t\t\t\t<div class=\"elementor-element elementor-element-3df9e37 elementor-widget elementor-widget-image\" data-id=\"3df9e37\" data-element_type=\"widget\" data-widget_type=\"image.default\">\n\t\t\t\t<div class=\"elementor-widget-container\">\n\t\t\t\t\t\t\t\t\t\t\t\t\t\t\t<img decoding=\"async\" width=\"398\" height=\"392\" src=\"https:\/\/daw-zentrum.org\/wp-content\/uploads\/2024\/07\/daw-zentrum-logo-bleu-02.png\" class=\"attachment-full size-full wp-image-2045\" alt=\"\" srcset=\"https:\/\/daw-zentrum.org\/wp-content\/uploads\/2024\/07\/daw-zentrum-logo-bleu-02.png 398w, https:\/\/daw-zentrum.org\/wp-content\/uploads\/2024\/07\/daw-zentrum-logo-bleu-02-300x295.png 300w, https:\/\/daw-zentrum.org\/wp-content\/uploads\/2024\/07\/daw-zentrum-logo-bleu-02-12x12.png 12w\" sizes=\"(max-width: 398px) 100vw, 398px\" \/>\t\t\t\t\t\t\t\t\t\t\t\t\t\t\t<\/div>\n\t\t\t\t<\/div>\n\t\t<div class=\"elementor-element elementor-element-e09853d e-con-full e-flex e-con e-child\" data-id=\"e09853d\" data-element_type=\"container\">\n\t\t\t\t<div class=\"elementor-element elementor-element-a621d3e elementor-widget elementor-widget-theme-post-title elementor-page-title elementor-widget-heading\" data-id=\"a621d3e\" data-element_type=\"widget\" data-widget_type=\"theme-post-title.default\">\n\t\t\t\t<div class=\"elementor-widget-container\">\n\t\t\t\t\t<h1 class=\"elementor-heading-title elementor-size-default\">Die Kamerunische Physikgesellschaft tritt in Yaound\u00e9 vor die Presse<\/h1>\t\t\t\t<\/div>\n\t\t\t\t<\/div>\n\t\t\t\t<div class=\"elementor-element elementor-element-1f71ac6 elementor-icon-list--layout-traditional elementor-list-item-link-full_width elementor-widget elementor-widget-icon-list\" data-id=\"1f71ac6\" data-element_type=\"widget\" data-widget_type=\"icon-list.default\">\n\t\t\t\t<div class=\"elementor-widget-container\">\n\t\t\t\t\t\t\t<ul class=\"elementor-icon-list-items\">\n\t\t\t\t\t\t\t<li class=\"elementor-icon-list-item\">\n\t\t\t\t\t\t\t\t\t\t\t<span class=\"elementor-icon-list-icon\">\n\t\t\t\t\t\t\t<i aria-hidden=\"true\" class=\"lnr lnr-calendar-full\"><\/i>\t\t\t\t\t\t<\/span>\n\t\t\t\t\t\t\t\t\t\t<span class=\"elementor-icon-list-text\">2024-08-22<\/span>\n\t\t\t\t\t\t\t\t\t<\/li>\n\t\t\t\t\t\t\t\t<li class=\"elementor-icon-list-item\">\n\t\t\t\t\t\t\t\t\t\t\t<span class=\"elementor-icon-list-icon\">\n\t\t\t\t\t\t\t<i aria-hidden=\"true\" class=\"icon_clock_alt\"><\/i>\t\t\t\t\t\t<\/span>\n\t\t\t\t\t\t\t\t\t\t<span class=\"elementor-icon-list-text\">08:00<\/span>\n\t\t\t\t\t\t\t\t\t<\/li>\n\t\t\t\t\t\t\t\t<li class=\"elementor-icon-list-item\">\n\t\t\t\t\t\t\t\t\t\t\t<span class=\"elementor-icon-list-icon\">\n\t\t\t\t\t\t\t<i aria-hidden=\"true\" class=\"icon icon-map-marker1\"><\/i>\t\t\t\t\t\t<\/span>\n\t\t\t\t\t\t\t\t\t\t<span class=\"elementor-icon-list-text\">DAW-CENTRE, Universit\u00e4t Yaound\u00e9 1<\/span>\n\t\t\t\t\t\t\t\t\t<\/li>\n\t\t\t\t\t\t<\/ul>\n\t\t\t\t\t\t<\/div>\n\t\t\t\t<\/div>\n\t\t\t\t<div class=\"elementor-element elementor-element-ede48a4 elementor-align-left elementor-widget elementor-widget-button\" data-id=\"ede48a4\" data-element_type=\"widget\" data-widget_type=\"button.default\">\n\t\t\t\t<div class=\"elementor-widget-container\">\n\t\t\t\t\t\t\t\t\t<div class=\"elementor-button-wrapper\">\n\t\t\t\t\t<a class=\"elementor-button elementor-button-link elementor-size-sm\" href=\"https:\/\/daw-zentrum.org\/de\/la-societe-camerounaise-de-physique-face-a-la-presse-a-yaounde\/\">\n\t\t\t\t\t\t<span class=\"elementor-button-content-wrapper\">\n\t\t\t\t\t\t\t\t\t<span class=\"elementor-button-text\">Mehr erfahren<\/span>\n\t\t\t\t\t<\/span>\n\t\t\t\t\t<\/a>\n\t\t\t\t<\/div>\n\t\t\t\t\t\t\t\t<\/div>\n\t\t\t\t<\/div>\n\t\t\t\t<\/div>\n\t\t\t\t\t<\/div>\n\t\t\t\t<\/div>\n\t\t\t\t<\/div>\n\t\t\t\t<div data-elementor-type=\"loop-item\" data-elementor-id=\"1996\" class=\"elementor elementor-1996 e-loop-item e-loop-item-2006 post-2006 post type-post status-publish format-standard has-post-thumbnail hentry category-blog\" data-elementor-post-type=\"elementor_library\" data-custom-edit-handle=\"1\">\n\t\t\t<div class=\"elementor-element elementor-element-cea1bb3 e-flex e-con-boxed e-con e-parent\" data-id=\"cea1bb3\" data-element_type=\"container\" data-settings=\"{&quot;background_background&quot;:&quot;classic&quot;}\">\n\t\t\t\t\t<div class=\"e-con-inner\">\n\t\t\t\t<div class=\"elementor-element elementor-element-3df9e37 elementor-widget elementor-widget-image\" data-id=\"3df9e37\" data-element_type=\"widget\" data-widget_type=\"image.default\">\n\t\t\t\t<div class=\"elementor-widget-container\">\n\t\t\t\t\t\t\t\t\t\t\t\t\t\t\t<img loading=\"lazy\" decoding=\"async\" width=\"1152\" height=\"768\" src=\"https:\/\/daw-zentrum.org\/wp-content\/uploads\/2024\/07\/IMG_0841-2-C.jpg\" class=\"attachment-full size-full wp-image-1556\" alt=\"\" srcset=\"https:\/\/daw-zentrum.org\/wp-content\/uploads\/2024\/07\/IMG_0841-2-C.jpg 1152w, https:\/\/daw-zentrum.org\/wp-content\/uploads\/2024\/07\/IMG_0841-2-C-300x200.jpg 300w, https:\/\/daw-zentrum.org\/wp-content\/uploads\/2024\/07\/IMG_0841-2-C-1024x683.jpg 1024w, https:\/\/daw-zentrum.org\/wp-content\/uploads\/2024\/07\/IMG_0841-2-C-768x512.jpg 768w\" sizes=\"(max-width: 1152px) 100vw, 1152px\" \/>\t\t\t\t\t\t\t\t\t\t\t\t\t\t\t<\/div>\n\t\t\t\t<\/div>\n\t\t<div class=\"elementor-element elementor-element-e09853d e-con-full e-flex e-con e-child\" data-id=\"e09853d\" data-element_type=\"container\">\n\t\t\t\t<div class=\"elementor-element elementor-element-a621d3e elementor-widget elementor-widget-theme-post-title elementor-page-title elementor-widget-heading\" data-id=\"a621d3e\" data-element_type=\"widget\" data-widget_type=\"theme-post-title.default\">\n\t\t\t\t<div class=\"elementor-widget-container\">\n\t\t\t\t\t<h1 class=\"elementor-heading-title elementor-size-default\">Treffen von kamerunischen und deutschen Wissenschaftlern<\/h1>\t\t\t\t<\/div>\n\t\t\t\t<\/div>\n\t\t\t\t<div class=\"elementor-element elementor-element-1f71ac6 elementor-icon-list--layout-traditional elementor-list-item-link-full_width elementor-widget elementor-widget-icon-list\" data-id=\"1f71ac6\" data-element_type=\"widget\" data-widget_type=\"icon-list.default\">\n\t\t\t\t<div class=\"elementor-widget-container\">\n\t\t\t\t\t\t\t<ul class=\"elementor-icon-list-items\">\n\t\t\t\t\t\t\t<li class=\"elementor-icon-list-item\">\n\t\t\t\t\t\t\t\t\t\t\t<span class=\"elementor-icon-list-icon\">\n\t\t\t\t\t\t\t<i aria-hidden=\"true\" class=\"lnr lnr-calendar-full\"><\/i>\t\t\t\t\t\t<\/span>\n\t\t\t\t\t\t\t\t\t\t<span class=\"elementor-icon-list-text\">2024-07-28<\/span>\n\t\t\t\t\t\t\t\t\t<\/li>\n\t\t\t\t\t\t\t\t<li class=\"elementor-icon-list-item\">\n\t\t\t\t\t\t\t\t\t\t\t<span class=\"elementor-icon-list-icon\">\n\t\t\t\t\t\t\t<i aria-hidden=\"true\" class=\"icon_clock_alt\"><\/i>\t\t\t\t\t\t<\/span>\n\t\t\t\t\t\t\t\t\t\t<span class=\"elementor-icon-list-text\">09:30<\/span>\n\t\t\t\t\t\t\t\t\t<\/li>\n\t\t\t\t\t\t\t\t<li class=\"elementor-icon-list-item\">\n\t\t\t\t\t\t\t\t\t\t\t<span class=\"elementor-icon-list-icon\">\n\t\t\t\t\t\t\t<i aria-hidden=\"true\" class=\"icon icon-map-marker1\"><\/i>\t\t\t\t\t\t<\/span>\n\t\t\t\t\t\t\t\t\t\t<span class=\"elementor-icon-list-text\">Universit\u00e4t von Yaound\u00e9 I<\/span>\n\t\t\t\t\t\t\t\t\t<\/li>\n\t\t\t\t\t\t<\/ul>\n\t\t\t\t\t\t<\/div>\n\t\t\t\t<\/div>\n\t\t\t\t<div class=\"elementor-element elementor-element-ede48a4 elementor-align-left elementor-widget elementor-widget-button\" data-id=\"ede48a4\" data-element_type=\"widget\" data-widget_type=\"button.default\">\n\t\t\t\t<div class=\"elementor-widget-container\">\n\t\t\t\t\t\t\t\t\t<div class=\"elementor-button-wrapper\">\n\t\t\t\t\t<a class=\"elementor-button elementor-button-link elementor-size-sm\" href=\"https:\/\/daw-zentrum.org\/de\/reunion-des-scientifiques-camerounais-et-allemands\/\">\n\t\t\t\t\t\t<span class=\"elementor-button-content-wrapper\">\n\t\t\t\t\t\t\t\t\t<span class=\"elementor-button-text\">Mehr erfahren<\/span>\n\t\t\t\t\t<\/span>\n\t\t\t\t\t<\/a>\n\t\t\t\t<\/div>\n\t\t\t\t\t\t\t\t<\/div>\n\t\t\t\t<\/div>\n\t\t\t\t<\/div>\n\t\t\t\t\t<\/div>\n\t\t\t\t<\/div>\n\t\t\t\t<\/div>\n\t\t\t\t<\/div>\n\t\t\n\t\t\t\t\t\t<\/div>\n\t\t\t\t<\/div>\n\t\t\t\t<\/div>\n\t\t\t\t<\/div>\n\t\t\t\t<\/div>","protected":false},"excerpt":{"rendered":"<p>Neuigkeiten und Veranstaltungen Unsere Veranstaltungen Bleiben Sie auf dem Laufenden \u00fcber Neuigkeiten und Veranstaltungen im DAW-Zentrum Halten Sie sich \u00fcber die neuesten Veranstaltungen im DAW-Zentrum auf dem Laufenden. Ob bahnbrechende wissenschaftliche Durchbr\u00fcche oder bevorstehende Workshops und Konferenzen - wir haben alles, was Sie brauchen. Erfahren Sie mehr \u00fcber die spannenden Initiativen, die die Zukunft der Forschung und Zusammenarbeit gestalten.<\/p>","protected":false},"author":1,"featured_media":0,"parent":0,"menu_order":0,"comment_status":"closed","ping_status":"closed","template":"","meta":{"footnotes":""},"class_list":["post-1991","page","type-page","status-publish","hentry"],"_links":{"self":[{"href":"https:\/\/daw-zentrum.org\/de\/wp-json\/wp\/v2\/pages\/1991"}],"collection":[{"href":"https:\/\/daw-zentrum.org\/de\/wp-json\/wp\/v2\/pages"}],"about":[{"href":"https:\/\/daw-zentrum.org\/de\/wp-json\/wp\/v2\/types\/page"}],"author":[{"embeddable":true,"href":"https:\/\/daw-zentrum.org\/de\/wp-json\/wp\/v2\/users\/1"}],"replies":[{"embeddable":true,"href":"https:\/\/daw-zentrum.org\/de\/wp-json\/wp\/v2\/comments?post=1991"}],"version-history":[{"count":19,"href":"https:\/\/daw-zentrum.org\/de\/wp-json\/wp\/v2\/pages\/1991\/revisions"}],"predecessor-version":[{"id":2036,"href":"https:\/\/daw-zentrum.org\/de\/wp-json\/wp\/v2\/pages\/1991\/revisions\/2036"}],"wp:attachment":[{"href":"https:\/\/daw-zentrum.org\/de\/wp-json\/wp\/v2\/media?parent=1991"}],"curies":[{"name":"wp","href":"https:\/\/api.w.org\/{rel}","templated":true}]}}