{"id":1311,"date":"2024-07-02T12:21:38","date_gmt":"2024-07-02T12:21:38","guid":{"rendered":"https:\/\/daw-zentrum.org\/?page_id=1311"},"modified":"2024-07-11T23:42:19","modified_gmt":"2024-07-11T23:42:19","slug":"notre-histoire","status":"publish","type":"page","link":"https:\/\/daw-zentrum.org\/de\/notre-histoire\/","title":{"rendered":"Unsere Geschichte"},"content":{"rendered":"<div data-elementor-type=\"wp-page\" data-elementor-id=\"1311\" class=\"elementor elementor-1311\" data-elementor-post-type=\"page\">\n\t\t\t\t<div class=\"elementor-element elementor-element-897b185 e-flex e-con-boxed e-con e-parent\" data-id=\"897b185\" data-element_type=\"container\" data-settings=\"{&quot;background_background&quot;:&quot;classic&quot;}\">\n\t\t\t\t\t<div class=\"e-con-inner\">\n\t\t<div class=\"elementor-element elementor-element-9ca9ad5 e-flex e-con-boxed e-con e-child\" data-id=\"9ca9ad5\" data-element_type=\"container\">\n\t\t\t\t\t<div class=\"e-con-inner\">\n\t\t\t\t<div class=\"elementor-element elementor-element-72732cc elementor-invisible elementor-widget elementor-widget-heading\" data-id=\"72732cc\" data-element_type=\"widget\" data-settings=\"{&quot;_animation&quot;:&quot;fadeInUp&quot;}\" data-widget_type=\"heading.default\">\n\t\t\t\t<div class=\"elementor-widget-container\">\n\t\t\t\t\t<h1 class=\"elementor-heading-title elementor-size-default\">Unsere Geschichte<\/h1>\t\t\t\t<\/div>\n\t\t\t\t<\/div>\n\t\t\t\t\t<\/div>\n\t\t\t\t<\/div>\n\t\t\t\t\t<\/div>\n\t\t\t\t<\/div>\n\t\t<div class=\"elementor-element elementor-element-d4786cb e-flex e-con-boxed e-con e-parent\" data-id=\"d4786cb\" data-element_type=\"container\">\n\t\t\t\t\t<div class=\"e-con-inner\">\n\t\t<div class=\"elementor-element elementor-element-7abc544 e-con-full e-flex e-con e-child\" data-id=\"7abc544\" data-element_type=\"container\">\n\t\t\t\t<div class=\"elementor-element elementor-element-b131043 elementor-widget elementor-widget-heading\" data-id=\"b131043\" data-element_type=\"widget\" data-widget_type=\"heading.default\">\n\t\t\t\t<div class=\"elementor-widget-container\">\n\t\t\t\t\t<h6 class=\"elementor-heading-title elementor-size-default\">Geschichte<\/h6>\t\t\t\t<\/div>\n\t\t\t\t<\/div>\n\t\t\t\t<div class=\"elementor-element elementor-element-87ffd29 elementor-widget elementor-widget-heading\" data-id=\"87ffd29\" data-element_type=\"widget\" data-widget_type=\"heading.default\">\n\t\t\t\t<div class=\"elementor-widget-container\">\n\t\t\t\t\t<h2 class=\"elementor-heading-title elementor-size-default\">Von der Anerkennung zur Revolution: Wie ein wissenschaftlicher Durchbruch eine globale Forschungsinitiative ausl\u00f6ste.<\/h2>\t\t\t\t<\/div>\n\t\t\t\t<\/div>\n\t\t\t\t<div class=\"elementor-element elementor-element-82d2836 elementor-widget elementor-widget-text-editor\" data-id=\"82d2836\" data-element_type=\"widget\" data-widget_type=\"text-editor.default\">\n\t\t\t\t<div class=\"elementor-widget-container\">\n\t\t\t\t\t\t\t\t\t<p><span style=\"font-weight: 400;\">Die Idee, ein Zentrum zu gr\u00fcnden, wurde 2008 geboren, als der Leiter des Zentrums mit dem Reimar-L\u00fcst-Preis der renommierten Alexander von Humboldt-Stiftung ausgezeichnet wurde.  Der Reimar-L\u00fcst-Preis wird zwar von der Humboldt-Stiftung verliehen, aber von der Thyssen-Stiftung finanziert. Diese erkl\u00e4rt dem Preistr\u00e4ger, dass der Preis zwar die Kr\u00f6nung einer wissenschaftlichen Karriere sei, aber nicht deren Endpunkt, sondern die M\u00f6glichkeit eines Neuanfangs. F\u00fcr die Thyssen-Stiftung sollte der Preis daher der Beginn einer T\u00e4tigkeit zur F\u00f6rderung der Wissenschaft sein. Angesichts dieser Aufforderung, neue Projekte vorzuschlagen, bei deren Umsetzung die Thyssen-Stiftung helfen k\u00f6nne, erkl\u00e4rte Professor Simo, dass er sich von bestehenden Modellen habe inspirieren lassen und der Stiftung das Projekt zur Gr\u00fcndung eines Forschungszentrums mit Sitz in Yaound\u00e9 vorgelegt habe, woraufhin er einige Monate sp\u00e4ter eine grunds\u00e4tzliche Zustimmung der Thyssen-Stiftung erhalten habe. Angesichts der spezifischen Infrastrukturprobleme im afrikanischen Kontext erkl\u00e4rte sich die Stiftung bereit, den Bau des Zentrums zu finanzieren. Im Jahr 2010 gab die deutsche Seite ihre endg\u00fcltige Zusage zur Finanzierung des Zentrums.  Mit der Zustimmung des Rektors der Universit\u00e4t Yaound\u00e9 1 und des Dekans der Fakult\u00e4t f\u00fcr Kunst, Literatur und Geisteswissenschaften, das Zentrum zu beherbergen, erh\u00e4lt es eine institutionelle Verankerung.<\/span><\/p><p><span style=\"font-weight: 400;\">Au\u00dferdem dankte er den Universit\u00e4tsbeh\u00f6rden, insbesondere dem Rektor der Universit\u00e4t Yaound\u00e9 1, dem Dekan der Fakult\u00e4t f\u00fcr Kunst, Literatur und Geisteswissenschaften und der Direktion f\u00fcr Infrastruktur f\u00fcr ihr Engagement, ohne das dieses Projekt nie zustande gekommen w\u00e4re. Der Bau des Geb\u00e4udes begann im Januar 2011 mit dem erfolgreichen Abschluss der von der Deutschen Botschaft in Kamerun erm\u00f6glichten Geldtransfers.   Seit Mitte Januar befindet sich das Geb\u00e4ude tats\u00e4chlich im Bau und wird in sechs Monaten \u00fcbergeben werden.<\/span><\/p><p><span style=\"font-weight: 400;\">Da das Zentrum kein Verwaltungs-, sondern ein Wissenschaftszentrum ist, kann der tats\u00e4chliche Beginn seiner T\u00e4tigkeit nicht vom Abschluss der Bauarbeiten an seinem Sitz abh\u00e4ngen. Folglich beginnt seine tats\u00e4chliche Existenz mit dem Schreiben des Rektors an den Dekan der FALSH (Juni 2010), in dem ihm die Genehmigung erteilt wird, das Zentrum zu beherbergen, und es muss bereits jetzt seine Arbeit aufnehmen. Die Sitzung des wissenschaftlichen Rates ist Teil dieses Bestrebens, das Zentrum in Betrieb zu nehmen.<\/span><\/p>\t\t\t\t\t\t\t\t<\/div>\n\t\t\t\t<\/div>\n\t\t\t\t<\/div>\n\t\t\t\t\t<\/div>\n\t\t\t\t<\/div>\n\t\t\t\t<\/div>","protected":false},"excerpt":{"rendered":"<p>Unsere Geschichte Historischer \u00dcberblick Von der Anerkennung zur Revolution: Wie ein wissenschaftlicher Durchbruch eine globale Forschungsinitiative ausl\u00f6ste. Die Idee zur Gr\u00fcndung eines Zentrums wurde 2008 geboren, als der Leiter des Zentrums mit dem Reimar-L\u00fcst-Preis der renommierten Alexander von Humboldt-Stiftung ausgezeichnet wurde.  Wenn der Reimar-L\u00fcst-Preis [...].<\/p>","protected":false},"author":1,"featured_media":0,"parent":0,"menu_order":0,"comment_status":"closed","ping_status":"closed","template":"","meta":{"footnotes":""},"class_list":["post-1311","page","type-page","status-publish","hentry"],"_links":{"self":[{"href":"https:\/\/daw-zentrum.org\/de\/wp-json\/wp\/v2\/pages\/1311"}],"collection":[{"href":"https:\/\/daw-zentrum.org\/de\/wp-json\/wp\/v2\/pages"}],"about":[{"href":"https:\/\/daw-zentrum.org\/de\/wp-json\/wp\/v2\/types\/page"}],"author":[{"embeddable":true,"href":"https:\/\/daw-zentrum.org\/de\/wp-json\/wp\/v2\/users\/1"}],"replies":[{"embeddable":true,"href":"https:\/\/daw-zentrum.org\/de\/wp-json\/wp\/v2\/comments?post=1311"}],"version-history":[{"count":16,"href":"https:\/\/daw-zentrum.org\/de\/wp-json\/wp\/v2\/pages\/1311\/revisions"}],"predecessor-version":[{"id":1888,"href":"https:\/\/daw-zentrum.org\/de\/wp-json\/wp\/v2\/pages\/1311\/revisions\/1888"}],"wp:attachment":[{"href":"https:\/\/daw-zentrum.org\/de\/wp-json\/wp\/v2\/media?parent=1311"}],"curies":[{"name":"wp","href":"https:\/\/api.w.org\/{rel}","templated":true}]}}